{"id":743,"date":"2025-08-01T00:00:27","date_gmt":"2025-08-01T05:00:27","guid":{"rendered":"https:\/\/erasmusinstruments.com\/ieperasmus\/?post_type=product&#038;p=743"},"modified":"2026-04-14T11:56:29","modified_gmt":"2026-04-14T16:56:29","slug":"certificacion-en-termografia-infrarroja-nivel-i","status":"publish","type":"product","link":"https:\/\/erasmusinstitute.com.co\/index.php\/product\/certificacion-en-termografia-infrarroja-nivel-i\/","title":{"rendered":"Certificacio\u0301n en Termografi\u0301a Infrarroja Nivel 1"},"content":{"rendered":"<p><span style=\"color: #149139;\"><strong>Contenido<\/strong><\/span><\/p>\n<ul>\n<li>Teor\u00eda B\u00e1sica Infrarroja<\/li>\n<li>Equipo Infrarrojo<\/li>\n<li>Inspecciones de Sistemas El\u00e9ctricos<\/li>\n<li>Inspecciones de Sistemas Mec\u00e1nicos<\/li>\n<li>Inspecciones de Humedad en Edificios \/ Techos y Plagas<\/li>\n<li>Inspecciones de Perdida de Energ\u00eda en envolventes edificios<\/li>\n<li>Implementando un programa de mantenimiento predictivo infrarrojo<\/li>\n<li>Nueve pasos para establecer un programa<\/li>\n<li>Integr\u00e1ndose con otras tecnolog\u00edas predictivas<\/li>\n<li>Verificaci\u00f3n cruzada con otras tecnolog\u00edas predictivas<\/li>\n<li>\u00bfPor qu\u00e9 fracasan los programas, como tienen \u00e9xito?<\/li>\n<\/ul>\n<p><a href=\"https:\/\/erasmusinstitute.com.co\/wp-content\/uploads\/2024\/07\/Contenido-Capacitacion-Certificacion-Termografia-Nivel-1-Agosto.-2024.pdf\">Ver Contenido Capacitaci\u00f3n Certificaci\u00f3n Termograf\u00eda Nivel 1 (PDF)<\/a><\/p>\n","protected":false},"excerpt":{"rendered":"<p><span style=\"color: #149139;\"><strong>Fecha:<\/strong><\/span><br \/>\nAgosto 10 al 14 de 2026<br \/>\n<span style=\"color: #149139;\"><strong>Duraci\u00f3n:<\/strong><\/span><br \/>\n32 Horas<br \/>\n<span style=\"color: #149139;\"><strong>Horario:<\/strong><\/span><br \/>\n8:30 am a 5:30 pm<br \/>\n<span style=\"color: #149139;\"><strong>Conferencista: <\/strong><\/span><br \/>\nMr. Ron Newport<br \/>\n<span style=\"color: #149139;\"><strong>Modalidades:<\/strong><\/span><br \/>\n<b>\u00b7 <\/b>Presencial, Bogot\u00e1<br \/>\n<b>\u00b7 <\/b>Virtual<\/p>\n","protected":false},"featured_media":355,"template":"","meta":{"site-sidebar-layout":"default","site-content-layout":"","ast-site-content-layout":"default","site-content-style":"default","site-sidebar-style":"default","ast-global-header-display":"","ast-banner-title-visibility":"","ast-main-header-display":"","ast-hfb-above-header-display":"","ast-hfb-below-header-display":"","ast-hfb-mobile-header-display":"","site-post-title":"","ast-breadcrumbs-content":"","ast-featured-img":"","footer-sml-layout":"","theme-transparent-header-meta":"default","adv-header-id-meta":"","stick-header-meta":"","header-above-stick-meta":"","header-main-stick-meta":"","header-below-stick-meta":"","astra-migrate-meta-layouts":"set","_joinchat":[]},"product_cat":[24],"product_tag":[],"_links":{"self":[{"href":"https:\/\/erasmusinstitute.com.co\/index.php\/wp-json\/wp\/v2\/product\/743"}],"collection":[{"href":"https:\/\/erasmusinstitute.com.co\/index.php\/wp-json\/wp\/v2\/product"}],"about":[{"href":"https:\/\/erasmusinstitute.com.co\/index.php\/wp-json\/wp\/v2\/types\/product"}],"wp:featuredmedia":[{"embeddable":true,"href":"https:\/\/erasmusinstitute.com.co\/index.php\/wp-json\/wp\/v2\/media\/355"}],"wp:attachment":[{"href":"https:\/\/erasmusinstitute.com.co\/index.php\/wp-json\/wp\/v2\/media?parent=743"}],"wp:term":[{"taxonomy":"product_cat","embeddable":true,"href":"https:\/\/erasmusinstitute.com.co\/index.php\/wp-json\/wp\/v2\/product_cat?post=743"},{"taxonomy":"product_tag","embeddable":true,"href":"https:\/\/erasmusinstitute.com.co\/index.php\/wp-json\/wp\/v2\/product_tag?post=743"}],"curies":[{"name":"wp","href":"https:\/\/api.w.org\/{rel}","templated":true}]}}