{"id":747,"date":"2025-09-15T00:00:26","date_gmt":"2025-09-15T05:00:26","guid":{"rendered":"https:\/\/erasmusinstruments.com\/ieperasmus\/?post_type=product&#038;p=747"},"modified":"2026-04-23T11:50:15","modified_gmt":"2026-04-23T16:50:15","slug":"manejo-de-equipos-omicron-ct-analyzer-y-votano-100","status":"publish","type":"product","link":"https:\/\/erasmusinstitute.com.co\/index.php\/product\/manejo-de-equipos-omicron-ct-analyzer-y-votano-100\/","title":{"rendered":"Manejo de Equipos OMICRON CT ANALYZER y VOTANO 100"},"content":{"rendered":"<p><span style=\"color: #149139;\"><strong>CONTENIDO CT Analyzer<\/strong><\/span><\/p>\n<ul>\n<li>Exactitud de relaci\u00f3n y fase<\/li>\n<li>Resistencia del devanado<\/li>\n<li>Error compuesto (ALF, ALFi, FS, FSi, Vb)<\/li>\n<li>Impedancia de la carga<\/li>\n<li>Clases y par\u00e1metros transitorios del TC (TPS, TPX, TPY y TPZ)<\/li>\n<li>Factor de dimensionamiento de transitorios (Ktd)<\/li>\n<li>Si falta\/se desconoce: Tipo de TC, clase, relaci\u00f3n, punto de inflexi\u00f3n, factor de potencia, carga nominal, carga funcional, resistencia del devanado primario y secundario<\/li>\n<li>Magnetismo residual y remanencia<\/li>\n<li>Evaluaci\u00f3n buena\/mala inmediata<\/li>\n<li>Simulaci\u00f3n diferentes cargas y corrientes<\/li>\n<li>An\u00e1lisis efecto de la saturaci\u00f3n del TC<\/li>\n<li>Medici\u00f3n de relaci\u00f3n de TP<\/li>\n<\/ul>\n<p><img fetchpriority=\"high\" decoding=\"async\" class=\"alignnone size-medium wp-image-748\" src=\"https:\/\/erasmusinstruments.com\/ieperasmus\/wp-content\/uploads\/2023\/10\/Imagen1PAGINA-300x227.png\" alt=\"\" width=\"300\" height=\"227\" srcset=\"https:\/\/erasmusinstitute.com.co\/wp-content\/uploads\/2023\/10\/Imagen1PAGINA-300x227.png 300w, https:\/\/erasmusinstitute.com.co\/wp-content\/uploads\/2023\/10\/Imagen1PAGINA.png 372w\" sizes=\"(max-width: 300px) 100vw, 300px\" \/><br \/>\n<strong>VOTANO 100<\/strong><\/p>\n<ul>\n<li>Determinaci\u00f3n automatizada de la relaci\u00f3n del TT y la exactitud del \u00e1ngulo de fase para cada uno de los devanados secundarios<\/li>\n<li>Considerando diferentes valores de tensi\u00f3n nominal<\/li>\n<li>Considerando diferentes valores de carga<\/li>\n<li>Bajo carga o sin carga (de los restantes devanados secundarios)<\/li>\n<li>Medici\u00f3n de la resistencia del devanado para cada secundario del TT<\/li>\n<li>Determinaci\u00f3n de las caracter\u00edsticas de magnetizaci\u00f3n<\/li>\n<li>Medici\u00f3n de la reactancia de dispersi\u00f3n<\/li>\n<li>Evaluaci\u00f3n autom\u00e1tica de los resultados relativos a exactitud de clase de acuerdo con las normas IEC e IEEE predefinidas<\/li>\n<li>La verificaci\u00f3n de clase de los TT con hasta 5 devanados secundarios se puede realizar en un solo ciclo de medici\u00f3n (incluido devanado en delta abierta)<\/li>\n<li>Mediciones de la carga<\/li>\n<\/ul>\n<p><img decoding=\"async\" class=\"alignnone size-medium wp-image-749\" src=\"https:\/\/erasmusinstruments.com\/ieperasmus\/wp-content\/uploads\/2023\/10\/Imagen2PAGINA-300x228.png\" alt=\"\" width=\"300\" height=\"228\" srcset=\"https:\/\/erasmusinstitute.com.co\/wp-content\/uploads\/2023\/10\/Imagen2PAGINA-300x228.png 300w, https:\/\/erasmusinstitute.com.co\/wp-content\/uploads\/2023\/10\/Imagen2PAGINA.png 410w\" sizes=\"(max-width: 300px) 100vw, 300px\" \/><\/p>\n","protected":false},"excerpt":{"rendered":"<p><span style=\"color: #149139;\"><strong>Fecha:<\/strong><\/span><br \/>\nSeptiembre 17 y 18 de 2026<br \/>\n<span style=\"color: #149139;\"><strong>Duraci\u00f3n:<\/strong><\/span><br \/>\n16 Horas<br \/>\n<span style=\"color: #149139;\"><strong>Horario:<\/strong><\/span><br \/>\n8:30 am a 5:30 pm. Los dos d\u00edas<br \/>\n<span style=\"color: #149139;\"><strong>Conferencista: <\/strong><\/span><br \/>\nIng. Juan Manuel Ramos Santos<br \/>\n<span style=\"color: #149139;\"><strong>Modalidad:<\/strong><\/span><br \/>\nVirtual y Presencial<\/p>\n","protected":false},"featured_media":120,"template":"","meta":{"site-sidebar-layout":"default","site-content-layout":"","ast-site-content-layout":"default","site-content-style":"default","site-sidebar-style":"default","ast-global-header-display":"","ast-banner-title-visibility":"","ast-main-header-display":"","ast-hfb-above-header-display":"","ast-hfb-below-header-display":"","ast-hfb-mobile-header-display":"","site-post-title":"","ast-breadcrumbs-content":"","ast-featured-img":"","footer-sml-layout":"","theme-transparent-header-meta":"default","adv-header-id-meta":"","stick-header-meta":"","header-above-stick-meta":"","header-main-stick-meta":"","header-below-stick-meta":"","astra-migrate-meta-layouts":"set","_joinchat":[]},"product_cat":[24],"product_tag":[],"_links":{"self":[{"href":"https:\/\/erasmusinstitute.com.co\/index.php\/wp-json\/wp\/v2\/product\/747"}],"collection":[{"href":"https:\/\/erasmusinstitute.com.co\/index.php\/wp-json\/wp\/v2\/product"}],"about":[{"href":"https:\/\/erasmusinstitute.com.co\/index.php\/wp-json\/wp\/v2\/types\/product"}],"wp:featuredmedia":[{"embeddable":true,"href":"https:\/\/erasmusinstitute.com.co\/index.php\/wp-json\/wp\/v2\/media\/120"}],"wp:attachment":[{"href":"https:\/\/erasmusinstitute.com.co\/index.php\/wp-json\/wp\/v2\/media?parent=747"}],"wp:term":[{"taxonomy":"product_cat","embeddable":true,"href":"https:\/\/erasmusinstitute.com.co\/index.php\/wp-json\/wp\/v2\/product_cat?post=747"},{"taxonomy":"product_tag","embeddable":true,"href":"https:\/\/erasmusinstitute.com.co\/index.php\/wp-json\/wp\/v2\/product_tag?post=747"}],"curies":[{"name":"wp","href":"https:\/\/api.w.org\/{rel}","templated":true}]}}